{"id":93,"date":"2022-01-14T12:13:29","date_gmt":"2022-01-14T12:13:29","guid":{"rendered":"https:\/\/10005.wordpress.ttshops.de\/?page_id=93"},"modified":"2022-07-15T07:28:15","modified_gmt":"2022-07-15T07:28:15","slug":"aboutus","status":"publish","type":"page","link":"https:\/\/www.uwesfrisurenstudio.de\/index.php\/aboutus\/","title":{"rendered":"\u00dcber uns"},"content":{"rendered":"\t\t<div data-elementor-type=\"wp-page\" data-elementor-id=\"93\" class=\"elementor elementor-93\">\n\t\t\t\t\t\t<section class=\"elementor-section elementor-top-section elementor-element elementor-element-9a3ed1e elementor-section-full_width elementor-section-height-default elementor-section-height-default\" data-id=\"9a3ed1e\" data-element_type=\"section\">\n\t\t\t\t\t\t<div class=\"elementor-container elementor-column-gap-no\">\n\t\t\t\t\t<div class=\"elementor-column elementor-col-33 elementor-top-column elementor-element elementor-element-dbaa75a\" data-id=\"dbaa75a\" data-element_type=\"column\" data-settings=\"{&quot;background_background&quot;:&quot;classic&quot;}\">\n\t\t\t<div class=\"elementor-widget-wrap elementor-element-populated\">\n\t\t\t\t\t\t<div class=\"elementor-element elementor-element-18959dc elementor-widget elementor-widget-heading\" data-id=\"18959dc\" data-element_type=\"widget\" data-widget_type=\"heading.default\">\n\t\t\t\t<div class=\"elementor-widget-container\">\n\t\t\t\t\t<h4 class=\"elementor-heading-title elementor-size-default\">Bei uns stehen Sie im Mittelpunkt <\/h4>\t\t\t\t<\/div>\n\t\t\t\t<\/div>\n\t\t\t\t<div class=\"elementor-element elementor-element-7e86e83 elementor-widget elementor-widget-text-editor\" data-id=\"7e86e83\" data-element_type=\"widget\" data-widget_type=\"text-editor.default\">\n\t\t\t\t<div class=\"elementor-widget-container\">\n\t\t\t\t\t\t\t\t\t<p><strong>Unser Ziel ist es, Sie so zu begeistern, dass Sie sich schon heute auf Ihren n\u00e4chsten Besuch bei uns freuen. Gemeinsam mit Ihnen erarbeiten wir Ihren neuen Look. Tags\u00fcber klassisch oder l\u00e4ssig, abends extravagant oder frech. Sie geben durch Ihr Haar und Ihre W\u00fcnsche die Richtung vor. Wir beraten Sie zu Form und Farbe zeigen Ihnen neue Trendstylings.<\/strong><\/p>\t\t\t\t\t\t\t\t<\/div>\n\t\t\t\t<\/div>\n\t\t\t\t\t<\/div>\n\t\t<\/div>\n\t\t\t\t<div class=\"elementor-column elementor-col-33 elementor-top-column elementor-element elementor-element-e17fc14\" data-id=\"e17fc14\" data-element_type=\"column\">\n\t\t\t<div class=\"elementor-widget-wrap elementor-element-populated\">\n\t\t\t\t\t\t<div class=\"elementor-element elementor-element-2c1d7a8 elementor-widget elementor-widget-image\" data-id=\"2c1d7a8\" data-element_type=\"widget\" data-widget_type=\"image.default\">\n\t\t\t\t<div class=\"elementor-widget-container\">\n\t\t\t\t\t\t\t\t\t\t\t\t\t\t\t<img fetchpriority=\"high\" decoding=\"async\" width=\"1024\" height=\"682\" src=\"https:\/\/www.uwesfrisurenstudio.de\/wp-content\/uploads\/2022\/07\/signal-2022-07-14-155420-4-1024x682.jpeg\" class=\"attachment-large size-large wp-image-3573\" alt=\"\" srcset=\"https:\/\/www.uwesfrisurenstudio.de\/wp-content\/uploads\/2022\/07\/signal-2022-07-14-155420-4-1024x682.jpeg 1024w, https:\/\/www.uwesfrisurenstudio.de\/wp-content\/uploads\/2022\/07\/signal-2022-07-14-155420-4-300x200.jpeg 300w, https:\/\/www.uwesfrisurenstudio.de\/wp-content\/uploads\/2022\/07\/signal-2022-07-14-155420-4-768x512.jpeg 768w, https:\/\/www.uwesfrisurenstudio.de\/wp-content\/uploads\/2022\/07\/signal-2022-07-14-155420-4-1536x1023.jpeg 1536w, https:\/\/www.uwesfrisurenstudio.de\/wp-content\/uploads\/2022\/07\/signal-2022-07-14-155420-4.jpeg 2048w\" sizes=\"(max-width: 1024px) 100vw, 1024px\" \/>\t\t\t\t\t\t\t\t\t\t\t\t\t\t\t<\/div>\n\t\t\t\t<\/div>\n\t\t\t\t<div class=\"elementor-element elementor-element-9798689 elementor-widget elementor-widget-heading\" data-id=\"9798689\" data-element_type=\"widget\" data-widget_type=\"heading.default\">\n\t\t\t\t<div class=\"elementor-widget-container\">\n\t\t\t\t\t<h2 class=\"elementor-heading-title elementor-size-default\"><strong>ERLEBEN SIE DEN PAUL MITCHELL\u00ae LIFESTYLE<\/h2>\t\t\t\t<\/div>\n\t\t\t\t<\/div>\n\t\t\t\t<div class=\"elementor-element elementor-element-7ac837d elementor-widget elementor-widget-text-editor\" data-id=\"7ac837d\" data-element_type=\"widget\" data-widget_type=\"text-editor.default\">\n\t\t\t\t<div class=\"elementor-widget-container\">\n\t\t\t\t\t\t\t\t\t<p><strong>Unser fachliches Know-how garantieren wir durch regelm\u00e4\u00dfige Schulung<\/strong><br \/><strong>unserer Mitarbeiter. Damit Ihr Besuch bei uns zu einem pers\u00f6nlichen Erlebnis wird, bekommen Sie von uns au\u00dfer dem perfekten Schnitt die Styling- und Pflegetipps zum Wohlf\u00fchlen!<\/strong><\/p><p><strong>Wir m\u00f6chten unsere Kunden t\u00e4glich neu begeistern! <\/strong><br \/><strong>Wir leisten viel f\u00fcr Ihre Sch\u00f6nheit.<\/strong><\/p><p><strong>Von der Frisur \u00fcber das Make-up bis zum einf\u00fchlsamen Service\u00a0<\/strong><br \/><strong>in unserem Salon bleibt kein Kundenwunsch unerf\u00fcllt.<\/strong><\/p>\t\t\t\t\t\t\t\t<\/div>\n\t\t\t\t<\/div>\n\t\t\t\t\t<\/div>\n\t\t<\/div>\n\t\t\t\t<div class=\"elementor-column elementor-col-33 elementor-top-column elementor-element elementor-element-133a985\" data-id=\"133a985\" data-element_type=\"column\">\n\t\t\t<div class=\"elementor-widget-wrap\">\n\t\t\t\t\t\t\t<\/div>\n\t\t<\/div>\n\t\t\t\t\t<\/div>\n\t\t<\/section>\n\t\t\t\t<\/div>\n\t\t","protected":false},"excerpt":{"rendered":"<p>Bei uns stehen Sie im Mittelpunkt Unser Ziel ist es, Sie so zu begeistern, dass Sie sich schon heute auf Ihren n\u00e4chsten Besuch bei uns freuen. Gemeinsam mit Ihnen erarbeiten wir Ihren neuen Look. Tags\u00fcber klassisch oder l\u00e4ssig, abends extravagant oder frech. Sie geben durch Ihr Haar und Ihre W\u00fcnsche die Richtung vor. Wir beraten [&hellip;]<\/p>\n","protected":false},"author":1,"featured_media":0,"parent":0,"menu_order":0,"comment_status":"closed","ping_status":"closed","template":"","meta":{"site-sidebar-layout":"no-sidebar","site-content-layout":"page-builder","ast-site-content-layout":"","site-content-style":"default","site-sidebar-style":"default","ast-global-header-display":"","ast-banner-title-visibility":"","ast-main-header-display":"","ast-hfb-above-header-display":"","ast-hfb-below-header-display":"","ast-hfb-mobile-header-display":"","site-post-title":"disabled","ast-breadcrumbs-content":"","ast-featured-img":"disabled","footer-sml-layout":"","theme-transparent-header-meta":"","adv-header-id-meta":"","stick-header-meta":"","header-above-stick-meta":"","header-main-stick-meta":"","header-below-stick-meta":"","astra-migrate-meta-layouts":"default","ast-page-background-enabled":"default","ast-page-background-meta":{"desktop":{"background-color":"var(--ast-global-color-4)","background-image":"","background-repeat":"repeat","background-position":"center center","background-size":"auto","background-attachment":"scroll","background-type":"","background-media":"","overlay-type":"","overlay-color":"","overlay-opacity":"","overlay-gradient":""},"tablet":{"background-color":"","background-image":"","background-repeat":"repeat","background-position":"center center","background-size":"auto","background-attachment":"scroll","background-type":"","background-media":"","overlay-type":"","overlay-color":"","overlay-opacity":"","overlay-gradient":""},"mobile":{"background-color":"","background-image":"","background-repeat":"repeat","background-position":"center center","background-size":"auto","background-attachment":"scroll","background-type":"","background-media":"","overlay-type":"","overlay-color":"","overlay-opacity":"","overlay-gradient":""}},"ast-content-background-meta":{"desktop":{"background-color":"var(--ast-global-color-5)","background-image":"","background-repeat":"repeat","background-position":"center center","background-size":"auto","background-attachment":"scroll","background-type":"","background-media":"","overlay-type":"","overlay-color":"","overlay-opacity":"","overlay-gradient":""},"tablet":{"background-color":"var(--ast-global-color-5)","background-image":"","background-repeat":"repeat","background-position":"center center","background-size":"auto","background-attachment":"scroll","background-type":"","background-media":"","overlay-type":"","overlay-color":"","overlay-opacity":"","overlay-gradient":""},"mobile":{"background-color":"var(--ast-global-color-5)","background-image":"","background-repeat":"repeat","background-position":"center center","background-size":"auto","background-attachment":"scroll","background-type":"","background-media":"","overlay-type":"","overlay-color":"","overlay-opacity":"","overlay-gradient":""}},"footnotes":""},"class_list":["post-93","page","type-page","status-publish","hentry"],"_links":{"self":[{"href":"https:\/\/www.uwesfrisurenstudio.de\/index.php\/wp-json\/wp\/v2\/pages\/93","targetHints":{"allow":["GET"]}}],"collection":[{"href":"https:\/\/www.uwesfrisurenstudio.de\/index.php\/wp-json\/wp\/v2\/pages"}],"about":[{"href":"https:\/\/www.uwesfrisurenstudio.de\/index.php\/wp-json\/wp\/v2\/types\/page"}],"author":[{"embeddable":true,"href":"https:\/\/www.uwesfrisurenstudio.de\/index.php\/wp-json\/wp\/v2\/users\/1"}],"replies":[{"embeddable":true,"href":"https:\/\/www.uwesfrisurenstudio.de\/index.php\/wp-json\/wp\/v2\/comments?post=93"}],"version-history":[{"count":254,"href":"https:\/\/www.uwesfrisurenstudio.de\/index.php\/wp-json\/wp\/v2\/pages\/93\/revisions"}],"predecessor-version":[{"id":3576,"href":"https:\/\/www.uwesfrisurenstudio.de\/index.php\/wp-json\/wp\/v2\/pages\/93\/revisions\/3576"}],"wp:attachment":[{"href":"https:\/\/www.uwesfrisurenstudio.de\/index.php\/wp-json\/wp\/v2\/media?parent=93"}],"curies":[{"name":"wp","href":"https:\/\/api.w.org\/{rel}","templated":true}]}}