{"id":76,"date":"2022-01-14T11:12:06","date_gmt":"2022-01-14T11:12:06","guid":{"rendered":"https:\/\/10005.wordpress.ttshops.de\/?page_id=76"},"modified":"2022-03-02T11:15:07","modified_gmt":"2022-03-02T11:15:07","slug":"studio","status":"publish","type":"page","link":"https:\/\/www.uwesfrisurenstudio.de\/index.php\/studio\/","title":{"rendered":"Studio"},"content":{"rendered":"\t\t<div data-elementor-type=\"wp-page\" data-elementor-id=\"76\" class=\"elementor elementor-76\">\n\t\t\t\t\t\t<section class=\"elementor-section elementor-top-section elementor-element elementor-element-3a78436 elementor-section-full_width elementor-section-height-default elementor-section-height-default\" data-id=\"3a78436\" data-element_type=\"section\">\n\t\t\t\t\t\t<div class=\"elementor-container elementor-column-gap-no\">\n\t\t\t\t\t<div class=\"elementor-column elementor-col-33 elementor-top-column elementor-element elementor-element-ee544ce\" data-id=\"ee544ce\" data-element_type=\"column\">\n\t\t\t<div class=\"elementor-widget-wrap elementor-element-populated\">\n\t\t\t\t\t\t<div class=\"elementor-element elementor-element-528e21c elementor-hidden-desktop elementor-widget elementor-widget-image\" data-id=\"528e21c\" data-element_type=\"widget\" data-widget_type=\"image.default\">\n\t\t\t\t<div class=\"elementor-widget-container\">\n\t\t\t\t\t\t\t\t\t\t\t\t\t\t\t<img fetchpriority=\"high\" decoding=\"async\" width=\"937\" height=\"1024\" src=\"https:\/\/www.uwesfrisurenstudio.de\/wp-content\/uploads\/2022\/02\/09-937x1024.jpg\" class=\"attachment-large size-large wp-image-1696\" alt=\"\" srcset=\"https:\/\/www.uwesfrisurenstudio.de\/wp-content\/uploads\/2022\/02\/09-937x1024.jpg 937w, https:\/\/www.uwesfrisurenstudio.de\/wp-content\/uploads\/2022\/02\/09-275x300.jpg 275w, https:\/\/www.uwesfrisurenstudio.de\/wp-content\/uploads\/2022\/02\/09-768x839.jpg 768w, https:\/\/www.uwesfrisurenstudio.de\/wp-content\/uploads\/2022\/02\/09-1406x1536.jpg 1406w, https:\/\/www.uwesfrisurenstudio.de\/wp-content\/uploads\/2022\/02\/09.jpg 1476w\" sizes=\"(max-width: 937px) 100vw, 937px\" \/>\t\t\t\t\t\t\t\t\t\t\t\t\t\t\t<\/div>\n\t\t\t\t<\/div>\n\t\t\t\t<div class=\"elementor-element elementor-element-7257343 elementor-hidden-desktop elementor-widget elementor-widget-image\" data-id=\"7257343\" data-element_type=\"widget\" data-widget_type=\"image.default\">\n\t\t\t\t<div class=\"elementor-widget-container\">\n\t\t\t\t\t\t\t\t\t\t\t\t\t\t\t<img decoding=\"async\" width=\"768\" height=\"965\" src=\"https:\/\/www.uwesfrisurenstudio.de\/wp-content\/uploads\/2022\/02\/Hintergrund-Typo-3-768x965.jpg\" class=\"attachment-medium_large size-medium_large wp-image-1648\" alt=\"\" srcset=\"https:\/\/www.uwesfrisurenstudio.de\/wp-content\/uploads\/2022\/02\/Hintergrund-Typo-3-768x965.jpg 768w, https:\/\/www.uwesfrisurenstudio.de\/wp-content\/uploads\/2022\/02\/Hintergrund-Typo-3-239x300.jpg 239w, https:\/\/www.uwesfrisurenstudio.de\/wp-content\/uploads\/2022\/02\/Hintergrund-Typo-3-815x1024.jpg 815w, https:\/\/www.uwesfrisurenstudio.de\/wp-content\/uploads\/2022\/02\/Hintergrund-Typo-3-1223x1536.jpg 1223w, https:\/\/www.uwesfrisurenstudio.de\/wp-content\/uploads\/2022\/02\/Hintergrund-Typo-3.jpg 1284w\" sizes=\"(max-width: 768px) 100vw, 768px\" \/>\t\t\t\t\t\t\t\t\t\t\t\t\t\t\t<\/div>\n\t\t\t\t<\/div>\n\t\t\t\t<div class=\"elementor-element elementor-element-ba717c4 elementor-hidden-desktop elementor-widget elementor-widget-text-editor\" data-id=\"ba717c4\" data-element_type=\"widget\" data-widget_type=\"text-editor.default\">\n\t\t\t\t<div class=\"elementor-widget-container\">\n\t\t\t\t\t\t\t\t\t<h2><strong>ERLEBEN SIE DEN PAUL MITCHELL\u00ae LIFESTYLE<\/strong><\/h2><h2><strong><br \/>MIT LEIDENSCHAFT UND SYMPATHIE.<\/strong><\/h2><p><strong>Unser gr\u00f6\u00dftes Anliegen ist es, den perfekten Schnitt f\u00fcr jeden Kunden zu finden \u2013 passend zu Pers\u00f6nlichkeit, Haarstruktur und aktuellen Stylingtrends. Aber auch Trends kommen und gehen. Schnitttechniken \u00e4ndern sich und setzen neue Akzente. Deshalb bringen wir unser Team durch Seminare und Workshops regelm\u00e4\u00dfig auf den neuesten Stand.Zu Beginn eines Termins bei uns steht eine ausf\u00fchrliche Typ- und Trendberatung. Das macht es uns leichter, die ideale L\u00f6sung f\u00fcr Sie zu finden. Ebenso wie unser Fachwissen, unsere Motivation und unser Wille zum perfekten Ergebnis. Genau das sch\u00e4tzen unsere Kunden.<\/strong><\/p>\t\t\t\t\t\t\t\t<\/div>\n\t\t\t\t<\/div>\n\t\t\t\t<div class=\"elementor-element elementor-element-98a5770 elementor-hidden-tablet elementor-hidden-mobile elementor-widget elementor-widget-image\" data-id=\"98a5770\" data-element_type=\"widget\" data-widget_type=\"image.default\">\n\t\t\t\t<div class=\"elementor-widget-container\">\n\t\t\t\t\t\t\t\t\t\t\t\t\t\t\t<img decoding=\"async\" src=\"https:\/\/www.uwesfrisurenstudio.de\/wp-content\/uploads\/2022\/01\/09.jpg\" title=\"09\" alt=\"09\" loading=\"lazy\" \/>\t\t\t\t\t\t\t\t\t\t\t\t\t\t\t<\/div>\n\t\t\t\t<\/div>\n\t\t\t\t\t<\/div>\n\t\t<\/div>\n\t\t\t\t<div class=\"elementor-column elementor-col-33 elementor-top-column elementor-element elementor-element-00408da elementor-hidden-tablet elementor-hidden-mobile\" data-id=\"00408da\" data-element_type=\"column\" data-settings=\"{&quot;background_background&quot;:&quot;classic&quot;}\">\n\t\t\t<div class=\"elementor-widget-wrap elementor-element-populated\">\n\t\t\t\t\t\t<div class=\"elementor-element elementor-element-c6589a9 elementor-hidden-tablet elementor-hidden-mobile elementor-widget elementor-widget-heading\" data-id=\"c6589a9\" data-element_type=\"widget\" data-widget_type=\"heading.default\">\n\t\t\t\t<div class=\"elementor-widget-container\">\n\t\t\t\t\t<h2 class=\"elementor-heading-title elementor-size-default\"><strong>ERLEBEN SIE DEN PAUL MITCHELL\u00ae LIFESTYLE<\/h2>\t\t\t\t<\/div>\n\t\t\t\t<\/div>\n\t\t\t\t<div class=\"elementor-element elementor-element-8cb296f elementor-hidden-tablet elementor-hidden-mobile elementor-widget elementor-widget-heading\" data-id=\"8cb296f\" data-element_type=\"widget\" data-widget_type=\"heading.default\">\n\t\t\t\t<div class=\"elementor-widget-container\">\n\t\t\t\t\t<h2 class=\"elementor-heading-title elementor-size-default\"><strong>MIT LEIDENSCHAFT UND SYMPATHIE.<\/h2>\t\t\t\t<\/div>\n\t\t\t\t<\/div>\n\t\t\t\t<div class=\"elementor-element elementor-element-92b1226 elementor-widget__width-initial elementor-hidden-tablet elementor-hidden-mobile elementor-widget elementor-widget-text-editor\" data-id=\"92b1226\" data-element_type=\"widget\" data-widget_type=\"text-editor.default\">\n\t\t\t\t<div class=\"elementor-widget-container\">\n\t\t\t\t\t\t\t\t\t<p><strong>Unser gr\u00f6\u00dftes Anliegen ist es, den perfekten Schnitt f\u00fcr jeden Kunden zu finden \u2013 passend zu Pers\u00f6nlichkeit, Haarstruktur und aktuellen Stylingtrends. Aber auch Trends kommen und gehen. Schnitttechniken \u00e4ndern sich und setzen neue Akzente. Deshalb bringen wir unser Team durch Seminare und Workshops regelm\u00e4\u00dfig auf den neuesten Stand.<\/strong><br \/><strong>Zu Beginn eines Termins bei uns steht eine ausf\u00fchrliche Typ- und Trendberatung. Das macht es uns leichter, die ideale L\u00f6sung f\u00fcr Sie zu finden. Ebenso wie unser Fachwissen, unsere Motivation und unser Wille zum perfekten Ergebnis. Genau das sch\u00e4tzen unsere Kunden.<\/strong><\/p>\t\t\t\t\t\t\t\t<\/div>\n\t\t\t\t<\/div>\n\t\t\t\t\t<\/div>\n\t\t<\/div>\n\t\t\t\t<div class=\"elementor-column elementor-col-33 elementor-top-column elementor-element elementor-element-c61d465\" data-id=\"c61d465\" data-element_type=\"column\">\n\t\t\t<div class=\"elementor-widget-wrap elementor-element-populated\">\n\t\t\t\t\t\t\t<\/div>\n\t\t<\/div>\n\t\t\t\t\t<\/div>\n\t\t<\/section>\n\t\t\t\t<section class=\"elementor-section elementor-top-section elementor-element elementor-element-964d6ae elementor-section-boxed elementor-section-height-default elementor-section-height-default\" data-id=\"964d6ae\" data-element_type=\"section\">\n\t\t\t\t\t\t<div class=\"elementor-container elementor-column-gap-default\">\n\t\t\t\t\t<div class=\"elementor-column elementor-col-100 elementor-top-column elementor-element elementor-element-4958c7c\" data-id=\"4958c7c\" data-element_type=\"column\">\n\t\t\t<div class=\"elementor-widget-wrap\">\n\t\t\t\t\t\t\t<\/div>\n\t\t<\/div>\n\t\t\t\t\t<\/div>\n\t\t<\/section>\n\t\t\t\t<\/div>\n\t\t","protected":false},"excerpt":{"rendered":"<p>ERLEBEN SIE DEN PAUL MITCHELL\u00ae LIFESTYLE MIT LEIDENSCHAFT UND SYMPATHIE. Unser gr\u00f6\u00dftes Anliegen ist es, den perfekten Schnitt f\u00fcr jeden Kunden zu finden \u2013 passend zu Pers\u00f6nlichkeit, Haarstruktur und aktuellen Stylingtrends. Aber auch Trends kommen und gehen. Schnitttechniken \u00e4ndern sich und setzen neue Akzente. Deshalb bringen wir unser Team durch Seminare und Workshops regelm\u00e4\u00dfig auf [&hellip;]<\/p>\n","protected":false},"author":1,"featured_media":0,"parent":0,"menu_order":0,"comment_status":"closed","ping_status":"closed","template":"","meta":{"site-sidebar-layout":"no-sidebar","site-content-layout":"page-builder","ast-site-content-layout":"","site-content-style":"default","site-sidebar-style":"default","ast-global-header-display":"","ast-banner-title-visibility":"","ast-main-header-display":"","ast-hfb-above-header-display":"","ast-hfb-below-header-display":"","ast-hfb-mobile-header-display":"","site-post-title":"disabled","ast-breadcrumbs-content":"","ast-featured-img":"disabled","footer-sml-layout":"","theme-transparent-header-meta":"","adv-header-id-meta":"","stick-header-meta":"","header-above-stick-meta":"","header-main-stick-meta":"","header-below-stick-meta":"","astra-migrate-meta-layouts":"default","ast-page-background-enabled":"default","ast-page-background-meta":{"desktop":{"background-color":"var(--ast-global-color-4)","background-image":"","background-repeat":"repeat","background-position":"center center","background-size":"auto","background-attachment":"scroll","background-type":"","background-media":"","overlay-type":"","overlay-color":"","overlay-opacity":"","overlay-gradient":""},"tablet":{"background-color":"","background-image":"","background-repeat":"repeat","background-position":"center center","background-size":"auto","background-attachment":"scroll","background-type":"","background-media":"","overlay-type":"","overlay-color":"","overlay-opacity":"","overlay-gradient":""},"mobile":{"background-color":"","background-image":"","background-repeat":"repeat","background-position":"center center","background-size":"auto","background-attachment":"scroll","background-type":"","background-media":"","overlay-type":"","overlay-color":"","overlay-opacity":"","overlay-gradient":""}},"ast-content-background-meta":{"desktop":{"background-color":"var(--ast-global-color-5)","background-image":"","background-repeat":"repeat","background-position":"center center","background-size":"auto","background-attachment":"scroll","background-type":"","background-media":"","overlay-type":"","overlay-color":"","overlay-opacity":"","overlay-gradient":""},"tablet":{"background-color":"var(--ast-global-color-5)","background-image":"","background-repeat":"repeat","background-position":"center center","background-size":"auto","background-attachment":"scroll","background-type":"","background-media":"","overlay-type":"","overlay-color":"","overlay-opacity":"","overlay-gradient":""},"mobile":{"background-color":"var(--ast-global-color-5)","background-image":"","background-repeat":"repeat","background-position":"center center","background-size":"auto","background-attachment":"scroll","background-type":"","background-media":"","overlay-type":"","overlay-color":"","overlay-opacity":"","overlay-gradient":""}},"footnotes":""},"class_list":["post-76","page","type-page","status-publish","hentry"],"_links":{"self":[{"href":"https:\/\/www.uwesfrisurenstudio.de\/index.php\/wp-json\/wp\/v2\/pages\/76","targetHints":{"allow":["GET"]}}],"collection":[{"href":"https:\/\/www.uwesfrisurenstudio.de\/index.php\/wp-json\/wp\/v2\/pages"}],"about":[{"href":"https:\/\/www.uwesfrisurenstudio.de\/index.php\/wp-json\/wp\/v2\/types\/page"}],"author":[{"embeddable":true,"href":"https:\/\/www.uwesfrisurenstudio.de\/index.php\/wp-json\/wp\/v2\/users\/1"}],"replies":[{"embeddable":true,"href":"https:\/\/www.uwesfrisurenstudio.de\/index.php\/wp-json\/wp\/v2\/comments?post=76"}],"version-history":[{"count":282,"href":"https:\/\/www.uwesfrisurenstudio.de\/index.php\/wp-json\/wp\/v2\/pages\/76\/revisions"}],"predecessor-version":[{"id":3391,"href":"https:\/\/www.uwesfrisurenstudio.de\/index.php\/wp-json\/wp\/v2\/pages\/76\/revisions\/3391"}],"wp:attachment":[{"href":"https:\/\/www.uwesfrisurenstudio.de\/index.php\/wp-json\/wp\/v2\/media?parent=76"}],"curies":[{"name":"wp","href":"https:\/\/api.w.org\/{rel}","templated":true}]}}